{"id":16,"date":"2023-07-21T10:28:45","date_gmt":"2023-07-21T08:28:45","guid":{"rendered":"https:\/\/clickandtrips.com\/carrito\/"},"modified":"2023-07-29T17:15:31","modified_gmt":"2023-07-29T15:15:31","slug":"carrito","status":"publish","type":"page","link":"https:\/\/clickandtrips.com\/en\/carrito\/","title":{"rendered":"Carrito"},"content":{"rendered":"<h2 class=\"wp-block-heading\"><spam>Otros<\/spam>Viajes Disponibles<\/h2><div data-align-buttons=\"true\" data-block-name=\"woocommerce\/product-new\" data-categories=\"[18]\" data-columns=\"4\" data-content-visibility=\"{&quot;image&quot;:true,&quot;title&quot;:true,&quot;price&quot;:false,&quot;rating&quot;:false,&quot;button&quot;:true}\" data-rows=\"1\" class=\"wc-block-grid wp-block-product-new wc-block-product-new has-4-columns has-aligned-buttons\"><ul class=\"wc-block-grid__products\"><li class=\"wc-block-grid__product\">\n\t\t\t\t<a href=\"https:\/\/clickandtrips.com\/en\/product\/alaska-salvaje-desde-fuera\/\" class=\"wc-block-grid__product-link\">\n\t\t\t\t\t\n\t\t\t\t\t<div class=\"wc-block-grid__product-image\"><img loading=\"lazy\" decoding=\"async\" width=\"300\" height=\"300\" data-src=\"https:\/\/clickandtrips.com\/wp-content\/uploads\/2023\/07\/hero-300x300.jpeg\" class=\"attachment-woocommerce_thumbnail size-woocommerce_thumbnail lazyload\" alt=\"04\/08\/2023 &lt;br&gt; Alaska Salvaje (Desde WildWatching)\" src=\"data:image\/gif;base64,R0lGODlhAQABAAAAACH5BAEKAAEALAAAAAABAAEAAAICTAEAOw==\" style=\"--smush-placeholder-width: 300px; --smush-placeholder-aspect-ratio: 300\/300;\" \/><noscript><img loading=\"lazy\" decoding=\"async\" width=\"300\" height=\"300\" src=\"https:\/\/clickandtrips.com\/wp-content\/uploads\/2023\/07\/hero-300x300.jpeg\" class=\"attachment-woocommerce_thumbnail size-woocommerce_thumbnail\" alt=\"04\/08\/2023 &lt;br&gt; Alaska Salvaje (Desde WildWatching)\" \/><\/noscript><\/div>\n\t\t\t\t\t<div class=\"wc-block-grid__product-title\">04\/08\/2023 <br> Alaska Salvaje (Desde WildWatching)<\/div>\n\t\t\t\t<\/a>\n\t\t\t\t\n\t\t\t\t\n\t\t\t\t<div class=\"wp-block-button wc-block-grid__product-add-to-cart\"><a href=\"https:\/\/wildwatchingspain.com\/tour\/alaska-salvaje-osos-nutrias-marinas-y-orcas2023\/\" aria-label=\"Book Now\" data-quantity=\"1\" data-product_id=\"339\" data-product_sku=\"\" data-price=\"5500\" rel=\"nofollow\" class=\"wp-block-button__link  add_to_cart_button\">Book Now<\/a><\/div>\n\t\t\t<\/li><li class=\"wc-block-grid__product\">\n\t\t\t\t<a href=\"https:\/\/clickandtrips.com\/en\/product\/tour-fotografico-andes-patagonicos-con-nestor-rodan\/\" class=\"wc-block-grid__product-link\">\n\t\t\t\t\t\n\t\t\t\t\t<div class=\"wc-block-grid__product-image\"><img loading=\"lazy\" decoding=\"async\" width=\"300\" height=\"300\" data-src=\"https:\/\/clickandtrips.com\/wp-content\/uploads\/2023\/07\/20230403_PAINE_0024-90-sharpened-scaled-1-300x300.jpeg\" class=\"attachment-woocommerce_thumbnail size-woocommerce_thumbnail lazyload\" alt=\"Tour fotogr\u00e1fico Andes Patag\u00f3nicos con N\u00e9stor Rod\u00e1n\" src=\"data:image\/gif;base64,R0lGODlhAQABAAAAACH5BAEKAAEALAAAAAABAAEAAAICTAEAOw==\" style=\"--smush-placeholder-width: 300px; --smush-placeholder-aspect-ratio: 300\/300;\" \/><noscript><img loading=\"lazy\" decoding=\"async\" width=\"300\" height=\"300\" src=\"https:\/\/clickandtrips.com\/wp-content\/uploads\/2023\/07\/20230403_PAINE_0024-90-sharpened-scaled-1-300x300.jpeg\" class=\"attachment-woocommerce_thumbnail size-woocommerce_thumbnail\" alt=\"Tour fotogr\u00e1fico Andes Patag\u00f3nicos con N\u00e9stor Rod\u00e1n\" \/><\/noscript><\/div>\n\t\t\t\t\t<div class=\"wc-block-grid__product-title\">Tour fotogr\u00e1fico Andes Patag\u00f3nicos con N\u00e9stor Rod\u00e1n<\/div>\n\t\t\t\t<\/a>\n\t\t\t\t\n\t\t\t\t\n\t\t\t\t<div class=\"wp-block-button wc-block-grid__product-add-to-cart\"><a href=\"?add-to-cart=153\" aria-label=\"Add to cart: \u201cTour fotogr\u00e1fico Andes Patag\u00f3nicos con N\u00e9stor Rod\u00e1n\u201d\" data-quantity=\"1\" data-product_id=\"153\" data-product_sku=\"\" data-price=\"4350\" rel=\"nofollow\" class=\"wp-block-button__link  add_to_cart_button ajax_add_to_cart\" data-no-translation=\"\" data-trp-gettext=\"\" data-no-translation-aria-label=\"\">Add to cart<\/a><\/div>\n\t\t\t<\/li><li class=\"wc-block-grid__product\">\n\t\t\t\t<a href=\"https:\/\/clickandtrips.com\/en\/product\/australia-salvaje-la-gran-aventura-2\/\" class=\"wc-block-grid__product-link\">\n\t\t\t\t\t\n\t\t\t\t\t<div class=\"wc-block-grid__product-image\"><img loading=\"lazy\" decoding=\"async\" width=\"300\" height=\"300\" data-src=\"https:\/\/clickandtrips.com\/wp-content\/uploads\/2023\/07\/O1I3586-300x300.jpeg\" class=\"attachment-woocommerce_thumbnail size-woocommerce_thumbnail lazyload\" alt=\"safari fotogr\u00e1fico (Duplicado)\" src=\"data:image\/gif;base64,R0lGODlhAQABAAAAACH5BAEKAAEALAAAAAABAAEAAAICTAEAOw==\" style=\"--smush-placeholder-width: 300px; --smush-placeholder-aspect-ratio: 300\/300;\" \/><noscript><img loading=\"lazy\" decoding=\"async\" width=\"300\" height=\"300\" src=\"https:\/\/clickandtrips.com\/wp-content\/uploads\/2023\/07\/O1I3586-300x300.jpeg\" class=\"attachment-woocommerce_thumbnail size-woocommerce_thumbnail\" alt=\"safari fotogr\u00e1fico (Duplicado)\" \/><\/noscript><\/div>\n\t\t\t\t\t<div class=\"wc-block-grid__product-title\">safari fotogr\u00e1fico (Duplicado)<\/div>\n\t\t\t\t<\/a>\n\t\t\t\t\n\t\t\t\t\n\t\t\t\t<div class=\"wp-block-button wc-block-grid__product-add-to-cart\"><a href=\"?add-to-cart=147\" aria-label=\"Add to cart: \u201csafari fotogr\u00e1fico (Duplicado)\u201d\" data-quantity=\"1\" data-product_id=\"147\" data-product_sku=\"\" data-price=\"5350\" rel=\"nofollow\" class=\"wp-block-button__link  add_to_cart_button ajax_add_to_cart\" data-no-translation=\"\" data-trp-gettext=\"\" data-no-translation-aria-label=\"\">Add to cart<\/a><\/div>\n\t\t\t<\/li><li class=\"wc-block-grid__product\">\n\t\t\t\t<a href=\"https:\/\/clickandtrips.com\/en\/product\/australia-salvaje-la-gran-aventura-sin-copia\/\" class=\"wc-block-grid__product-link\">\n\t\t\t\t\t\n\t\t\t\t\t<div class=\"wc-block-grid__product-image\"><img loading=\"lazy\" decoding=\"async\" width=\"300\" height=\"300\" data-src=\"https:\/\/clickandtrips.com\/wp-content\/uploads\/2023\/07\/O1I3586-300x300.jpeg\" class=\"attachment-woocommerce_thumbnail size-woocommerce_thumbnail lazyload\" alt=\"Australia salvaje, la gran aventura (sin copia)\" src=\"data:image\/gif;base64,R0lGODlhAQABAAAAACH5BAEKAAEALAAAAAABAAEAAAICTAEAOw==\" style=\"--smush-placeholder-width: 300px; --smush-placeholder-aspect-ratio: 300\/300;\" \/><noscript><img loading=\"lazy\" decoding=\"async\" width=\"300\" height=\"300\" src=\"https:\/\/clickandtrips.com\/wp-content\/uploads\/2023\/07\/O1I3586-300x300.jpeg\" class=\"attachment-woocommerce_thumbnail size-woocommerce_thumbnail\" alt=\"Australia salvaje, la gran aventura (sin copia)\" \/><\/noscript><\/div>\n\t\t\t\t\t<div class=\"wc-block-grid__product-title\">Australia salvaje, la gran aventura (sin copia)<\/div>\n\t\t\t\t<\/a>\n\t\t\t\t\n\t\t\t\t\n\t\t\t\t<div class=\"wp-block-button wc-block-grid__product-add-to-cart\"><a href=\"?add-to-cart=144\" aria-label=\"Add to cart: \u201cAustralia salvaje, la gran aventura (sin copia)\u201d\" data-quantity=\"1\" data-product_id=\"144\" data-product_sku=\"\" data-price=\"5350\" rel=\"nofollow\" class=\"wp-block-button__link  add_to_cart_button ajax_add_to_cart\" data-no-translation=\"\" data-trp-gettext=\"\" data-no-translation-aria-label=\"\">Add to cart<\/a><\/div>\n\t\t\t<\/li><\/ul><\/div>","protected":false},"excerpt":{"rendered":"<p>OtrosViajes Disponibles<\/p>","protected":false},"author":1,"featured_media":0,"parent":0,"menu_order":0,"comment_status":"closed","ping_status":"closed","template":"","meta":{"_et_pb_use_builder":"off","_et_pb_old_content":"<!-- wp:shortcode -->\n[woocommerce_cart]\n<!-- \/wp:shortcode -->\n\n<!-- wp:woocommerce\/product-new {\"columns\":4,\"rows\":1,\"alignButtons\":true,\"contentVisibility\":{\"image\":true,\"title\":true,\"price\":false,\"rating\":false,\"button\":true}} \/-->","_et_gb_content_width":"1440","footnotes":""},"class_list":["post-16","page","type-page","status-publish","hentry"],"yoast_head":"<!-- This site is optimized with the Yoast SEO plugin v23.5 - https:\/\/yoast.com\/wordpress\/plugins\/seo\/ -->\n<title>Carrito - Click and Trips<\/title>\n<meta name=\"robots\" content=\"noindex, follow, max-snippet:-1, max-image-preview:large, max-video-preview:-1\" \/>\n<meta property=\"og:locale\" content=\"en_US\" \/>\n<meta property=\"og:type\" content=\"article\" \/>\n<meta property=\"og:title\" content=\"Carrito - Click and Trips\" \/>\n<meta property=\"og:description\" content=\"OtrosViajes Disponibles\" \/>\n<meta property=\"og:url\" content=\"https:\/\/clickandtrips.com\/en\/carrito\/\" \/>\n<meta property=\"og:site_name\" content=\"Click and Trips\" \/>\n<meta property=\"article:modified_time\" content=\"2023-07-29T15:15:31+00:00\" \/>\n<meta name=\"twitter:card\" content=\"summary_large_image\" \/>\n<script type=\"application\/ld+json\" class=\"yoast-schema-graph\">{\"@context\":\"https:\/\/schema.org\",\"@graph\":[{\"@type\":\"WebPage\",\"@id\":\"https:\/\/clickandtrips.com\/carrito\/\",\"url\":\"https:\/\/clickandtrips.com\/carrito\/\",\"name\":\"Carrito - Click and Trips\",\"isPartOf\":{\"@id\":\"https:\/\/clickandtrips.com\/#website\"},\"datePublished\":\"2023-07-21T08:28:45+00:00\",\"dateModified\":\"2023-07-29T15:15:31+00:00\",\"breadcrumb\":{\"@id\":\"https:\/\/clickandtrips.com\/carrito\/#breadcrumb\"},\"inLanguage\":\"en-US\",\"potentialAction\":[{\"@type\":\"ReadAction\",\"target\":[\"https:\/\/clickandtrips.com\/carrito\/\"]}]},{\"@type\":\"BreadcrumbList\",\"@id\":\"https:\/\/clickandtrips.com\/carrito\/#breadcrumb\",\"itemListElement\":[{\"@type\":\"ListItem\",\"position\":1,\"name\":\"Portada\",\"item\":\"https:\/\/clickandtrips.com\/\"},{\"@type\":\"ListItem\",\"position\":2,\"name\":\"Carrito\"}]},{\"@type\":\"WebSite\",\"@id\":\"https:\/\/clickandtrips.com\/#website\",\"url\":\"https:\/\/clickandtrips.com\/\",\"name\":\"Click and Trips\",\"description\":\"Best Photo Tours and Workshops\",\"potentialAction\":[{\"@type\":\"SearchAction\",\"target\":{\"@type\":\"EntryPoint\",\"urlTemplate\":\"https:\/\/clickandtrips.com\/?s={search_term_string}\"},\"query-input\":{\"@type\":\"PropertyValueSpecification\",\"valueRequired\":true,\"valueName\":\"search_term_string\"}}],\"inLanguage\":\"en-US\"}]}<\/script>\n<!-- \/ Yoast SEO plugin. -->","yoast_head_json":{"title":"Carrito - Click and Trips","robots":{"index":"noindex","follow":"follow","max-snippet":"max-snippet:-1","max-image-preview":"max-image-preview:large","max-video-preview":"max-video-preview:-1"},"og_locale":"en_US","og_type":"article","og_title":"Carrito - Click and Trips","og_description":"OtrosViajes Disponibles","og_url":"https:\/\/clickandtrips.com\/en\/carrito\/","og_site_name":"Click and Trips","article_modified_time":"2023-07-29T15:15:31+00:00","twitter_card":"summary_large_image","schema":{"@context":"https:\/\/schema.org","@graph":[{"@type":"WebPage","@id":"https:\/\/clickandtrips.com\/carrito\/","url":"https:\/\/clickandtrips.com\/carrito\/","name":"Carrito - Click and Trips","isPartOf":{"@id":"https:\/\/clickandtrips.com\/#website"},"datePublished":"2023-07-21T08:28:45+00:00","dateModified":"2023-07-29T15:15:31+00:00","breadcrumb":{"@id":"https:\/\/clickandtrips.com\/carrito\/#breadcrumb"},"inLanguage":"en-US","potentialAction":[{"@type":"ReadAction","target":["https:\/\/clickandtrips.com\/carrito\/"]}]},{"@type":"BreadcrumbList","@id":"https:\/\/clickandtrips.com\/carrito\/#breadcrumb","itemListElement":[{"@type":"ListItem","position":1,"name":"Portada","item":"https:\/\/clickandtrips.com\/"},{"@type":"ListItem","position":2,"name":"Carrito"}]},{"@type":"WebSite","@id":"https:\/\/clickandtrips.com\/#website","url":"https:\/\/clickandtrips.com\/","name":"Click and Trips","description":"Best Photo Tours and Workshops","potentialAction":[{"@type":"SearchAction","target":{"@type":"EntryPoint","urlTemplate":"https:\/\/clickandtrips.com\/?s={search_term_string}"},"query-input":{"@type":"PropertyValueSpecification","valueRequired":true,"valueName":"search_term_string"}}],"inLanguage":"en-US"}]}},"_links":{"self":[{"href":"https:\/\/clickandtrips.com\/en\/wp-json\/wp\/v2\/pages\/16","targetHints":{"allow":["GET"]}}],"collection":[{"href":"https:\/\/clickandtrips.com\/en\/wp-json\/wp\/v2\/pages"}],"about":[{"href":"https:\/\/clickandtrips.com\/en\/wp-json\/wp\/v2\/types\/page"}],"author":[{"embeddable":true,"href":"https:\/\/clickandtrips.com\/en\/wp-json\/wp\/v2\/users\/1"}],"replies":[{"embeddable":true,"href":"https:\/\/clickandtrips.com\/en\/wp-json\/wp\/v2\/comments?post=16"}],"version-history":[{"count":5,"href":"https:\/\/clickandtrips.com\/en\/wp-json\/wp\/v2\/pages\/16\/revisions"}],"predecessor-version":[{"id":331,"href":"https:\/\/clickandtrips.com\/en\/wp-json\/wp\/v2\/pages\/16\/revisions\/331"}],"wp:attachment":[{"href":"https:\/\/clickandtrips.com\/en\/wp-json\/wp\/v2\/media?parent=16"}],"curies":[{"name":"wp","href":"https:\/\/api.w.org\/{rel}","templated":true}]}}