{"id":460,"date":"2023-07-31T10:10:51","date_gmt":"2023-07-31T08:10:51","guid":{"rendered":"https:\/\/clickandtrips.com\/?page_id=460"},"modified":"2023-08-01T18:29:57","modified_gmt":"2023-08-01T16:29:57","slug":"sobre-nosotros","status":"publish","type":"page","link":"https:\/\/clickandtrips.com\/en\/sobre-nosotros\/","title":{"rendered":"About us"},"content":{"rendered":"<p>[et_pb_section fb_built=\u00bb1&#8243; _builder_version=\u00bb4.21.0&#8243; _module_preset=\u00bbdefault\u00bb custom_margin=\u00bb0px|0px|0px|0px|true|true\u00bb custom_padding=\u00bb0px|0px|0px|0px|true|true\u00bb global_colors_info=\u00bb{}\u00bb][et_pb_row _builder_version=\u00bb4.21.0&#8243; _module_preset=\u00bbdefault\u00bb width=\u00bb100%\u00bb max_width=\u00bbnone\u00bb module_alignment=\u00bbcenter\u00bb custom_margin=\u00bb0px|0px|0px|0px|true|true\u00bb custom_padding=\u00bb0px|0px|0px|0px|true|true\u00bb global_colors_info=\u00bb{}\u00bb][et_pb_column type=\u00bb4_4&#8243; _builder_version=\u00bb4.21.0&#8243; _module_preset=\u00bbdefault\u00bb global_colors_info=\u00bb{}\u00bb][et_pb_slider _builder_version=\u00bb4.21.0&#8243; _module_preset=\u00bbdefault\u00bb hover_enabled=\u00bb0&#8243; global_colors_info=\u00bb{}\u00bb min_height_last_edited=\u00bbon|tablet\u00bb sticky_enabled=\u00bb0&#8243; min_height_phone=\u00bb50vh\u00bb header_font_size_last_edited=\u00bbon|tablet\u00bb header_font_size_tablet=\u00bb50px\u00bb header_font_size_phone=\u00bb50px\u00bb][et_pb_slide heading=\u00bb@ET-DC@eyJkeW5hbWljIjp0cnVlLCJjb250ZW50IjoicG9zdF90aXRsZSIsInNldHRpbmdzIjp7ImJlZm9yZSI6IiIsImFmdGVyIjoiIn19@\u00bb _builder_version=\u00bb4.21.0&#8243; _dynamic_attributes=\u00bbheading\u00bb _module_preset=\u00bbdefault\u00bb background_enable_color=\u00bboff\u00bb use_background_color_gradient=\u00bbon\u00bb background_color_gradient_stops=\u00bbrgba(43,135,218,0) 0%|rgba(7,45,64,0.8) 100%\u00bb background_color_gradient_overlays_image=\u00bbon\u00bb background_image=\u00bbhttps:\/\/clickandtrips.com\/wp-content\/uploads\/2023\/07\/20190208_BaiKal_0021-26-scaled.jpg\u00bb background_enable_image=\u00bbon\u00bb parallax=\u00bbon\u00bb global_colors_info=\u00bb{}\u00bb sticky_transition=\u00bbon\u00bb][\/et_pb_slide][\/et_pb_slider][\/et_pb_column][\/et_pb_row][\/et_pb_section][et_pb_section fb_built=\u00bb1&#8243; admin_label=\u00bbSecci\u00f3n\u00bb _builder_version=\u00bb4.21.0&#8243; _module_preset=\u00bbdefault\u00bb global_colors_info=\u00bb{}\u00bb][et_pb_row _builder_version=\u00bb4.21.0&#8243; _module_preset=\u00bbdefault\u00bb global_colors_info=\u00bb{}\u00bb][et_pb_column type=\u00bb4_4&#8243; _builder_version=\u00bb4.21.0&#8243; _module_preset=\u00bbdefault\u00bb global_colors_info=\u00bb{}\u00bb][et_pb_text _builder_version=\u00bb4.21.0&#8243; _module_preset=\u00bbdefault\u00bb text_orientation=\u00bbcenter\u00bb width=\u00bb60%\u00bb module_alignment=\u00bbcenter\u00bb global_colors_info=\u00bb{}\u00bb]<\/p>\n<p>Viaja a destinos ex\u00f3ticos y captura paisajes asombrosos con <strong>Click and Trips<\/strong>. Nuestra galer\u00eda fotogr\u00e1fica te sumerge en las maravillas que nuestros talentosos fot\u00f3grafos capturan durante nuestros tours alrededor del mundo. Cada imagen cuenta una historia \u00fanica y evocadora, transport\u00e1ndote a lugares inexplorados y despertando tu esp\u00edritu aventurero.<\/p>\n<p>[\/et_pb_text][\/et_pb_column][\/et_pb_row][et_pb_row column_structure=\u00bb1_2,1_2&#8243; make_equal=\u00bbon\u00bb _builder_version=\u00bb4.21.0&#8243; _module_preset=\u00bbdefault\u00bb hover_enabled=\u00bb0&#8243; custom_css_main_element=\u00bbdisplay: flex;||align-items: center;\u00bb global_colors_info=\u00bb{}\u00bb width_last_edited=\u00bbon|desktop\u00bb sticky_enabled=\u00bb0&#8243; custom_css_main_element_last_edited=\u00bbon|phone\u00bb custom_css_main_element_phone=\u00bbflex-direction: column;\u00bb custom_css_main_element_tablet=\u00bbdisplay: flex;||align-items: center;\u00bb][et_pb_column type=\u00bb1_2&#8243; _builder_version=\u00bb4.21.0&#8243; _module_preset=\u00bbdefault\u00bb global_colors_info=\u00bb{}\u00bb][et_pb_text _builder_version=\u00bb4.21.0&#8243; _module_preset=\u00bbdefault\u00bb global_colors_info=\u00bb{}\u00bb]<\/p>\n<h2><spam>Sobre<\/spam>Click and Trips<\/h2>\n<p>Your content goes here. Edit or remove this text inline or in the module Content settings. You can also style every aspect of this content in the module Design settings and even apply custom CSS to this text in the module Advanced settings.<\/p>\n<p>Your content goes here. Edit or remove this text inline or in the module Content settings. You can also style every aspect of this content in the module Design settings and even. Your content goes here. Edit or remove this text inline or in the module Content settings. You can also style every aspect of this content in the module Design settings and even apply custom CSS to this text in the module Advanced settings.[\/et_pb_text][\/et_pb_column][et_pb_column type=\u00bb1_2&#8243; _builder_version=\u00bb4.21.0&#8243; _module_preset=\u00bbdefault\u00bb global_colors_info=\u00bb{}\u00bb][et_pb_image src=\u00bbhttps:\/\/clickandtrips.com\/wp-content\/uploads\/2023\/07\/Click-and-Trips-logo-complete.png\u00bb title_text=\u00bbClick and Trips logo complete\u00bb align=\u00bbcenter\u00bb _builder_version=\u00bb4.21.0&#8243; _module_preset=\u00bbdefault\u00bb global_colors_info=\u00bb{}\u00bb][\/et_pb_image][\/et_pb_column][\/et_pb_row][\/et_pb_section][et_pb_section fb_built=\u00bb1&#8243; _builder_version=\u00bb4.21.0&#8243; _module_preset=\u00bbdefault\u00bb global_colors_info=\u00bb{}\u00bb][et_pb_row _builder_version=\u00bb4.21.0&#8243; _module_preset=\u00bbdefault\u00bb custom_margin=\u00bb0px||||false|false\u00bb custom_padding=\u00bb0px||||false|false\u00bb global_colors_info=\u00bb{}\u00bb][et_pb_column type=\u00bb4_4&#8243; _builder_version=\u00bb4.21.0&#8243; _module_preset=\u00bbdefault\u00bb global_colors_info=\u00bb{}\u00bb][et_pb_text _builder_version=\u00bb4.21.0&#8243; _module_preset=\u00bbdefault\u00bb text_orientation=\u00bbcenter\u00bb global_colors_info=\u00bb{}\u00bb]<\/p>\n<h2><spam>Our<\/spam>equipo<\/h2>\n<p>[\/et_pb_text][\/et_pb_column][\/et_pb_row][et_pb_row _builder_version=\u00bb4.21.0&#8243; _module_preset=\u00bbdefault\u00bb global_colors_info=\u00bb{}\u00bb][et_pb_column type=\u00bb4_4&#8243; _builder_version=\u00bb4.21.0&#8243; _module_preset=\u00bbdefault\u00bb global_colors_info=\u00bb{}\u00bb][et_pb_team_member name=\u00bbEl nombre va aqu\u00ed\u00bb position=\u00bbPuesto\u00bb image_url=\u00bbhttps:\/\/clickandtrips.com\/wp-content\/uploads\/2023\/07\/Nestor-Profile-copia.jpeg\u00bb _builder_version=\u00bb4.21.0&#8243; _module_preset=\u00bbdefault\u00bb header_line_height=\u00bb2em\u00bb text_orientation=\u00bbleft\u00bb hover_enabled=\u00bb0&#8243; custom_css_main_element=\u00bbdisplay: flex;||\u00bb global_colors_info=\u00bb{}\u00bb custom_css_main_element_last_edited=\u00bbon|tablet\u00bb sticky_enabled=\u00bb0&#8243; custom_css_main_element_phone=\u00bbdisplay: inline-block;\u00bb custom_css_main_element_tablet=\u00bbdisplay: flex;||\u00bb]<\/p>\n<p>Your content goes here. Edit or remove this text inline or in the module Content settings. You can also style every aspect of this content in the module Design settings and even apply custom CSS to this text in the module Advanced settings.<\/p>\n<p>[\/et_pb_team_member][\/et_pb_column][\/et_pb_row][\/et_pb_section][et_pb_section fb_built=\u00bb1&#8243; _builder_version=\u00bb4.21.0&#8243; _module_preset=\u00bbdefault\u00bb global_colors_info=\u00bb{}\u00bb][et_pb_row _builder_version=\u00bb4.21.0&#8243; _module_preset=\u00bbdefault\u00bb custom_margin=\u00bb0px||||false|false\u00bb custom_padding=\u00bb0px||||false|false\u00bb global_colors_info=\u00bb{}\u00bb][et_pb_column type=\u00bb4_4&#8243; _builder_version=\u00bb4.21.0&#8243; _module_preset=\u00bbdefault\u00bb global_colors_info=\u00bb{}\u00bb][et_pb_text _builder_version=\u00bb4.21.0&#8243; _module_preset=\u00bbdefault\u00bb text_orientation=\u00bbcenter\u00bb global_colors_info=\u00bb{}\u00bb]<\/p>\n<h2><spam>Our<\/spam>equipo<\/h2>\n<p>[\/et_pb_text][\/et_pb_column][\/et_pb_row][et_pb_row column_structure=\u00bb1_3,1_3,1_3&#8243; _builder_version=\u00bb4.21.0&#8243; _module_preset=\u00bbdefault\u00bb hover_enabled=\u00bb0&#8243; global_colors_info=\u00bb{}\u00bb make_equal=\u00bbon\u00bb sticky_enabled=\u00bb0&#8243; custom_css_main_element_last_edited=\u00bbon|phone\u00bb custom_css_main_element_tablet=\u00bbdisplay: flex;||flex-wrap: wrap;||justify-content: space-between;\u00bb custom_css_main_element_phone=\u00bb \u00ab][et_pb_column type=\u00bb1_3&#8243; _builder_version=\u00bb4.21.0&#8243; _module_preset=\u00bbdefault\u00bb hover_enabled=\u00bb0&#8243; global_colors_info=\u00bb{}\u00bb custom_css_main_element_last_edited=\u00bbon|tablet\u00bb sticky_enabled=\u00bb0&#8243; custom_css_main_element_tablet=\u00bbmax-width: 48%;\u00bb custom_css_main_element_phone=\u00bbmax-width: 100%;\u00bb][et_pb_team_member name=\u00bbEl nombre va aqu\u00ed\u00bb position=\u00bbPuesto\u00bb image_url=\u00bbhttps:\/\/clickandtrips.com\/wp-content\/uploads\/2023\/07\/Nestor-Profile-copia.jpeg\u00bb _builder_version=\u00bb4.21.0&#8243; _module_preset=\u00bbdefault\u00bb header_font_size=\u00bb24px\u00bb header_line_height=\u00bb2em\u00bb text_orientation=\u00bbleft\u00bb custom_css_main_element=\u00bbdisplay: flex;||flex-direction: column;||\u00bb global_colors_info=\u00bb{}\u00bb]<\/p>\n<p>Your content goes here. Edit or remove this text inline or in the module Content settings. You can also style every aspect of this content in the module Design settings and even apply custom CSS to this text in the module Advanced settings.<\/p>\n<p>[\/et_pb_team_member][\/et_pb_column][et_pb_column type=\u00bb1_3&#8243; _builder_version=\u00bb4.21.0&#8243; _module_preset=\u00bbdefault\u00bb hover_enabled=\u00bb0&#8243; global_colors_info=\u00bb{}\u00bb custom_css_main_element_last_edited=\u00bbon|phone\u00bb sticky_enabled=\u00bb0&#8243; custom_css_main_element_tablet=\u00bbmax-width: 48%;\u00bb custom_css_main_element_phone=\u00bbmax-width: 100%;\u00bb][et_pb_team_member name=\u00bbEl nombre va aqu\u00ed\u00bb position=\u00bbPuesto\u00bb image_url=\u00bbhttps:\/\/clickandtrips.com\/wp-content\/uploads\/2023\/07\/Nestor-Profile-copia.jpeg\u00bb _builder_version=\u00bb4.21.0&#8243; _module_preset=\u00bbdefault\u00bb header_font_size=\u00bb24px\u00bb header_line_height=\u00bb2em\u00bb text_orientation=\u00bbleft\u00bb custom_css_main_element=\u00bbdisplay: flex;||flex-direction: column;||\u00bb global_colors_info=\u00bb{}\u00bb]<\/p>\n<p>Your content goes here. Edit or remove this text inline or in the module Content settings. You can also style every aspect of this content in the module Design settings and even apply custom CSS to this text in the module Advanced settings.<\/p>\n<p>[\/et_pb_team_member][\/et_pb_column][et_pb_column type=\u00bb1_3&#8243; _builder_version=\u00bb4.21.0&#8243; _module_preset=\u00bbdefault\u00bb global_colors_info=\u00bb{}\u00bb][\/et_pb_column][\/et_pb_row][\/et_pb_section]<\/p>","protected":false},"excerpt":{"rendered":"<p>Viaja a destinos ex\u00f3ticos y captura paisajes asombrosos con Click and Trips. Nuestra galer\u00eda fotogr\u00e1fica te sumerge en las maravillas que nuestros talentosos fot\u00f3grafos capturan durante nuestros tours alrededor del mundo. Cada imagen cuenta una historia \u00fanica y evocadora, transport\u00e1ndote a lugares inexplorados y despertando tu esp\u00edritu aventurero.SobreClick and Trips Your content goes here. Edit [&hellip;]<\/p>","protected":false},"author":2,"featured_media":0,"parent":0,"menu_order":0,"comment_status":"closed","ping_status":"closed","template":"","meta":{"_et_pb_use_builder":"on","_et_pb_old_content":"","_et_gb_content_width":"","footnotes":""},"class_list":["post-460","page","type-page","status-publish","hentry"],"yoast_head":"<!-- This site is optimized with the Yoast SEO plugin v23.5 - https:\/\/yoast.com\/wordpress\/plugins\/seo\/ -->\n<title>Sobre Nosotros - Click and Trips<\/title>\n<meta name=\"robots\" content=\"noindex, follow, max-snippet:-1, max-image-preview:large, max-video-preview:-1\" \/>\n<meta property=\"og:locale\" content=\"en_US\" \/>\n<meta property=\"og:type\" content=\"article\" \/>\n<meta property=\"og:title\" content=\"Sobre Nosotros - Click and Trips\" \/>\n<meta property=\"og:description\" content=\"Viaja a destinos ex\u00f3ticos y captura paisajes asombrosos con Click and Trips. Nuestra galer\u00eda fotogr\u00e1fica te sumerge en las maravillas que nuestros talentosos fot\u00f3grafos capturan durante nuestros tours alrededor del mundo. Cada imagen cuenta una historia \u00fanica y evocadora, transport\u00e1ndote a lugares inexplorados y despertando tu esp\u00edritu aventurero.SobreClick and Trips Your content goes here. Edit [&hellip;]\" \/>\n<meta property=\"og:url\" content=\"https:\/\/clickandtrips.com\/en\/sobre-nosotros\/\" \/>\n<meta property=\"og:site_name\" content=\"Click and Trips\" \/>\n<meta property=\"article:modified_time\" content=\"2023-08-01T16:29:57+00:00\" \/>\n<meta name=\"twitter:card\" content=\"summary_large_image\" \/>\n<meta name=\"twitter:label1\" content=\"Est. reading time\" \/>\n\t<meta name=\"twitter:data1\" content=\"6 minutes\" \/>\n<script type=\"application\/ld+json\" class=\"yoast-schema-graph\">{\"@context\":\"https:\/\/schema.org\",\"@graph\":[{\"@type\":\"WebPage\",\"@id\":\"https:\/\/clickandtrips.com\/sobre-nosotros\/\",\"url\":\"https:\/\/clickandtrips.com\/sobre-nosotros\/\",\"name\":\"Sobre Nosotros - Click and Trips\",\"isPartOf\":{\"@id\":\"https:\/\/clickandtrips.com\/#website\"},\"datePublished\":\"2023-07-31T08:10:51+00:00\",\"dateModified\":\"2023-08-01T16:29:57+00:00\",\"breadcrumb\":{\"@id\":\"https:\/\/clickandtrips.com\/sobre-nosotros\/#breadcrumb\"},\"inLanguage\":\"en-US\",\"potentialAction\":[{\"@type\":\"ReadAction\",\"target\":[\"https:\/\/clickandtrips.com\/sobre-nosotros\/\"]}]},{\"@type\":\"BreadcrumbList\",\"@id\":\"https:\/\/clickandtrips.com\/sobre-nosotros\/#breadcrumb\",\"itemListElement\":[{\"@type\":\"ListItem\",\"position\":1,\"name\":\"Portada\",\"item\":\"https:\/\/clickandtrips.com\/\"},{\"@type\":\"ListItem\",\"position\":2,\"name\":\"Sobre Nosotros\"}]},{\"@type\":\"WebSite\",\"@id\":\"https:\/\/clickandtrips.com\/#website\",\"url\":\"https:\/\/clickandtrips.com\/\",\"name\":\"Click and Trips\",\"description\":\"Best Photo Tours and Workshops\",\"potentialAction\":[{\"@type\":\"SearchAction\",\"target\":{\"@type\":\"EntryPoint\",\"urlTemplate\":\"https:\/\/clickandtrips.com\/?s={search_term_string}\"},\"query-input\":{\"@type\":\"PropertyValueSpecification\",\"valueRequired\":true,\"valueName\":\"search_term_string\"}}],\"inLanguage\":\"en-US\"}]}<\/script>\n<!-- \/ Yoast SEO plugin. -->","yoast_head_json":{"title":"Sobre Nosotros - Click and Trips","robots":{"index":"noindex","follow":"follow","max-snippet":"max-snippet:-1","max-image-preview":"max-image-preview:large","max-video-preview":"max-video-preview:-1"},"og_locale":"en_US","og_type":"article","og_title":"Sobre Nosotros - Click and Trips","og_description":"Viaja a destinos ex\u00f3ticos y captura paisajes asombrosos con Click and Trips. Nuestra galer\u00eda fotogr\u00e1fica te sumerge en las maravillas que nuestros talentosos fot\u00f3grafos capturan durante nuestros tours alrededor del mundo. Cada imagen cuenta una historia \u00fanica y evocadora, transport\u00e1ndote a lugares inexplorados y despertando tu esp\u00edritu aventurero.SobreClick and Trips Your content goes here. Edit [&hellip;]","og_url":"https:\/\/clickandtrips.com\/en\/sobre-nosotros\/","og_site_name":"Click and Trips","article_modified_time":"2023-08-01T16:29:57+00:00","twitter_card":"summary_large_image","twitter_misc":{"Est. reading time":"6 minutes"},"schema":{"@context":"https:\/\/schema.org","@graph":[{"@type":"WebPage","@id":"https:\/\/clickandtrips.com\/sobre-nosotros\/","url":"https:\/\/clickandtrips.com\/sobre-nosotros\/","name":"Sobre Nosotros - Click and Trips","isPartOf":{"@id":"https:\/\/clickandtrips.com\/#website"},"datePublished":"2023-07-31T08:10:51+00:00","dateModified":"2023-08-01T16:29:57+00:00","breadcrumb":{"@id":"https:\/\/clickandtrips.com\/sobre-nosotros\/#breadcrumb"},"inLanguage":"en-US","potentialAction":[{"@type":"ReadAction","target":["https:\/\/clickandtrips.com\/sobre-nosotros\/"]}]},{"@type":"BreadcrumbList","@id":"https:\/\/clickandtrips.com\/sobre-nosotros\/#breadcrumb","itemListElement":[{"@type":"ListItem","position":1,"name":"Portada","item":"https:\/\/clickandtrips.com\/"},{"@type":"ListItem","position":2,"name":"Sobre Nosotros"}]},{"@type":"WebSite","@id":"https:\/\/clickandtrips.com\/#website","url":"https:\/\/clickandtrips.com\/","name":"Click and Trips","description":"Best Photo Tours and Workshops","potentialAction":[{"@type":"SearchAction","target":{"@type":"EntryPoint","urlTemplate":"https:\/\/clickandtrips.com\/?s={search_term_string}"},"query-input":{"@type":"PropertyValueSpecification","valueRequired":true,"valueName":"search_term_string"}}],"inLanguage":"en-US"}]}},"_links":{"self":[{"href":"https:\/\/clickandtrips.com\/en\/wp-json\/wp\/v2\/pages\/460","targetHints":{"allow":["GET"]}}],"collection":[{"href":"https:\/\/clickandtrips.com\/en\/wp-json\/wp\/v2\/pages"}],"about":[{"href":"https:\/\/clickandtrips.com\/en\/wp-json\/wp\/v2\/types\/page"}],"author":[{"embeddable":true,"href":"https:\/\/clickandtrips.com\/en\/wp-json\/wp\/v2\/users\/2"}],"replies":[{"embeddable":true,"href":"https:\/\/clickandtrips.com\/en\/wp-json\/wp\/v2\/comments?post=460"}],"version-history":[{"count":4,"href":"https:\/\/clickandtrips.com\/en\/wp-json\/wp\/v2\/pages\/460\/revisions"}],"predecessor-version":[{"id":610,"href":"https:\/\/clickandtrips.com\/en\/wp-json\/wp\/v2\/pages\/460\/revisions\/610"}],"wp:attachment":[{"href":"https:\/\/clickandtrips.com\/en\/wp-json\/wp\/v2\/media?parent=460"}],"curies":[{"name":"wp","href":"https:\/\/api.w.org\/{rel}","templated":true}]}}