{"id":663,"date":"2023-08-10T11:01:26","date_gmt":"2023-08-10T09:01:26","guid":{"rendered":"https:\/\/clickandtrips.com\/?page_id=663"},"modified":"2023-08-10T11:01:26","modified_gmt":"2023-08-10T09:01:26","slug":"politica-de-privacidad","status":"publish","type":"page","link":"https:\/\/clickandtrips.com\/en\/politica-de-privacidad\/","title":{"rendered":"Pol\u00edtica de Privacidad"},"content":{"rendered":"<p>[et_pb_section fb_built=\u00bb1&#8243; _builder_version=\u00bb4.21.0&#8243; _module_preset=\u00bbdefault\u00bb custom_margin=\u00bb0px|0px|0px|0px|true|true\u00bb custom_padding=\u00bb0px|0px|0px|0px|true|true\u00bb global_colors_info=\u00bb{}\u00bb theme_builder_area=\u00bbpost_content\u00bb][et_pb_row _builder_version=\u00bb4.21.0&#8243; _module_preset=\u00bbdefault\u00bb width=\u00bb100%\u00bb max_width=\u00bbnone\u00bb module_alignment=\u00bbcenter\u00bb custom_margin=\u00bb0px|0px|0px|0px|true|true\u00bb custom_padding=\u00bb0px|0px|0px|0px|true|true\u00bb global_colors_info=\u00bb{}\u00bb theme_builder_area=\u00bbpost_content\u00bb][et_pb_column type=\u00bb4_4&#8243; _builder_version=\u00bb4.21.0&#8243; _module_preset=\u00bbdefault\u00bb global_colors_info=\u00bb{}\u00bb theme_builder_area=\u00bbpost_content\u00bb][et_pb_slider _builder_version=\u00bb4.21.2&#8243; _module_preset=\u00bbdefault\u00bb hover_enabled=\u00bb0&#8243; global_colors_info=\u00bb{}\u00bb theme_builder_area=\u00bbpost_content\u00bb sticky_enabled=\u00bb0&#8243;][et_pb_slide heading=\u00bb@ET-DC@eyJkeW5hbWljIjp0cnVlLCJjb250ZW50IjoicG9zdF90aXRsZSIsInNldHRpbmdzIjp7ImJlZm9yZSI6IiIsImFmdGVyIjoiIn19@\u00bb _builder_version=\u00bb4.21.2&#8243; _dynamic_attributes=\u00bbheading\u00bb _module_preset=\u00bbdefault\u00bb background_enable_color=\u00bboff\u00bb use_background_color_gradient=\u00bbon\u00bb background_color_gradient_stops=\u00bbrgba(43,135,218,0) 0%|rgba(7,45,64,0.8) 100%\u00bb background_color_gradient_overlays_image=\u00bbon\u00bb background_image=\u00bbhttps:\/\/clickandtrips.com\/wp-content\/uploads\/2023\/07\/20171015_AUSTRIA_12789-copia.jpg\u00bb background_enable_image=\u00bbon\u00bb parallax=\u00bbon\u00bb hover_enabled=\u00bb0&#8243; global_colors_info=\u00bb{}\u00bb sticky_transition=\u00bbon\u00bb theme_builder_area=\u00bbpost_content\u00bb title_text=\u00bb20171015_AUSTRIA_12789-copia\u00bb sticky_enabled=\u00bb0&#8243;][\/et_pb_slide][\/et_pb_slider][\/et_pb_column][\/et_pb_row][\/et_pb_section][et_pb_section fb_built=\u00bb1&#8243; admin_label=\u00bbSecci\u00f3n\u00bb _builder_version=\u00bb4.21.0&#8243; _module_preset=\u00bbdefault\u00bb global_colors_info=\u00bb{}\u00bb theme_builder_area=\u00bbpost_content\u00bb][et_pb_row _builder_version=\u00bb4.21.2&#8243; _module_preset=\u00bbdefault\u00bb width=\u00bb100%\u00bb global_colors_info=\u00bb{}\u00bb theme_builder_area=\u00bbpost_content\u00bb][et_pb_column type=\u00bb4_4&#8243; _builder_version=\u00bb4.21.2&#8243; _module_preset=\u00bbdefault\u00bb global_colors_info=\u00bb{}\u00bb theme_builder_area=\u00bbpost_content\u00bb][et_pb_text _builder_version=\u00bb4.21.2&#8243; _module_preset=\u00bbdefault\u00bb width=\u00bb60%\u00bb module_alignment=\u00bbcenter\u00bb hover_enabled=\u00bb0&#8243; global_colors_info=\u00bb{}\u00bb theme_builder_area=\u00bbpost_content\u00bb sticky_enabled=\u00bb0&#8243;]<\/p>\n<div class=\"traveltour-page-wrapper\" id=\"traveltour-page-wrapper\">\n<div class=\"gdlr-core-page-builder-body\">\n<div class=\"gdlr-core-pbf-wrapper\">\n<div class=\"gdlr-core-pbf-wrapper-content gdlr-core-js\">\n<div class=\"gdlr-core-pbf-wrapper-container clearfix gdlr-core-container\">\n<div class=\"gdlr-core-pbf-element\">\n<div class=\"gdlr-core-text-box-item gdlr-core-item-pdlr gdlr-core-item-pdb gdlr-core-left-align\">\n<div class=\"gdlr-core-text-box-item-content\">\n<h3 id=\"politica-privacidad\">Pol\u00edtica de Privacidad<\/h3>\n<p>&nbsp;<\/p>\n<p><strong>1. INFORMACI\u00d3N AL USUARIO<\/strong><\/p>\n<p><strong>Click and Trips<\/strong>, en adelante RESPONSABLE, es el Responsable del tratamiento de los datos personales del Usuario\u00a0y le informa que estos datos ser\u00e1n tratados de conformidad con lo dispuesto en el Reglamento (UE) 2016\/679 de 27 de abril de 2016 (GDPR) relativo a la protecci\u00f3n de las personas f\u00edsicas en lo que respecta al tratamiento de datos personales y a la libre circulaci\u00f3n de estos datos, por lo que se le facilita la\u00a0siguiente informaci\u00f3n del tratamiento::<\/p>\n<p><strong>Fin del tratamiento<\/strong>:\u00a0mantener una relaci\u00f3n comercial con el Usuario. Las operaciones previstas para realizar el\u00a0tratamiento son:<\/p>\n<ul>\n<li>Prestar los servicios necesarios para la gesti\u00f3n de los viajes y actividades solicitadas por el cliente.<\/li>\n<li>Remisi\u00f3n de comunicaciones comerciales publicitarias por email, fax, SMS, MMS, WhatsApp, comunidades sociales o cualquier otro medio electr\u00f3nico o f\u00edsico, presente o futuro, que posibilite realizar comunicaciones comerciales. Estas comunicaciones ser\u00e1n realizadas por el\u00a0RESPONSABLE y relacionadas sobre sus productos y servicios, o de sus colaboradores o proveedores con los que \u00e9ste haya alcanzado alg\u00fan acuerdo de promoci\u00f3n. En este caso, los terceros nunca tendr\u00e1n acceso a los datos personales.<\/li>\n<li>Realizar estudios estad\u00edsticos.<\/li>\n<li>Tramitar encargos, solicitudes o cualquier tipo de petici\u00f3n que sea realizada por el usuario a trav\u00e9s de cualquiera de las formas de contacto que se ponen a su disposici\u00f3n.<\/li>\n<li>Remitir el bolet\u00edn de noticias de la p\u00e1gina web.<\/li>\n<\/ul>\n<p><strong>Base jur\u00eddica del tratamiento<\/strong>: consentimiento del interesado.<\/p>\n<p><strong>Criterios de conservaci\u00f3n de los datos<\/strong>:\u00a0se conservar\u00e1n mientras exista un inter\u00e9s mutuo para mantener el fin del tratamiento y cuando ya no sea necesario para tal fin,\u00a0se suprimir\u00e1n con medidas de seguridad adecuadas para garantizar la seudonimizaci\u00f3n de los datos o la destrucci\u00f3n total de los mismos.<\/p>\n<p><strong>Comunicaci\u00f3n de\u00a0los datos<\/strong>: No se comunicar\u00e1n los datos a terceros, salvo obligaci\u00f3n legal.<\/p>\n<p><strong>Derechos que asisten al Usuario<\/strong>:<\/p>\n<ul>\n<li>Derecho a retirar el consentimiento en cualquier momento.<\/li>\n<li>Derecho de acceso, rectificaci\u00f3n, portabilidad y supresi\u00f3n de sus datos y a la limitaci\u00f3n u oposici\u00f3n al su tratamiento.<\/li>\n<li>Derecho a presentar una reclamaci\u00f3n ante la autoridad de control (agpd.es) si\u00a0considera que el tratamiento no se ajusta a la normativa vigente.<\/li>\n<\/ul>\n<p><strong>Datos de contacto para ejercer sus derechos<\/strong>:<\/p>\n<p>Direcci\u00f3n postal: XXXXX.<\/p>\n<p>Email: XXXXX<\/p>\n<p><strong>2. CAR\u00c1CTER OBLIGATORIO O FACULTATIVO DE LA INFORMACI\u00d3N FACILITADA POR EL USUARIO<\/strong><\/p>\n<p>Los Usuarios, mediante la marcaci\u00f3n de las casillas correspondientes y entrada de datos en los campos, marcados con un asterisco (*) en el formulario de contacto o presentados en formularios de descarga, aceptan expresamente y de forma libre e inequ\u00edvoca, que sus datos son necesarios para atender su petici\u00f3n, por parte del prestador, siendo voluntaria la inclusi\u00f3n de datos en los campos restantes. El Usuario garantiza que los datos personales facilitados al RESPONSABLE\u00a0son veraces y se hace responsable de comunicar cualquier modificaci\u00f3n de los mismos.<\/p>\n<p>El RESPONSABLE informa y garantiza expresamente a los usuarios que sus datos personales no ser\u00e1n cedidos en ning\u00fan caso a terceros, y que siempre que realizara alg\u00fan tipo de cesi\u00f3n de datos personales, se pedir\u00e1 previamente el consentimiento expreso, informado e inequ\u00edvoco por parte los Usuarios. Todos los datos solicitados a trav\u00e9s del sitio web son obligatorios, ya que son necesarios para la prestaci\u00f3n de un servicio \u00f3ptimo al Usuario. En caso de que no sean facilitados todos los datos, no se garantiza que la informaci\u00f3n y servicios facilitados sean completamente ajustados a sus necesidades.<\/p>\n<p><strong>3. MEDIDAS DE SEGURIDAD<\/strong><\/p>\n<p>Que de conformidad con lo dispuesto en las normativas vigentes en protecci\u00f3n de datos personales, el RESPONSABLE\u00a0est\u00e1 cumpliendo con todas las disposiciones de las normativas GDPR\u00a0para\u00a0el tratamiento de los datos personales de su responsabilidad, y manifiestamente con los principios descritos en el art\u00edculo 5 del GDPR, por los cuales son tratados de manera l\u00edcita, leal y transparente en relaci\u00f3n con el interesado y adecuados, pertinentes y limitados a lo necesario en relaci\u00f3n con los fines para los que son tratados.<\/p>\n<p>El RESPONSABLE garantiza que ha implementado pol\u00edticas t\u00e9cnicas y organizativas apropiadas para aplicar las medidas de seguridad que establecen el GDPR con el fin de proteger los derechos y libertades de los Usuarios y les ha comunicado la informaci\u00f3n adecuada para que puedan ejercerlos.<\/p>\n<h3><\/h3>\n<h3 id=\"politica-newsletter\">Consentimiento para a\u00f1adir miembros a la Newsletter<\/h3>\n<p><strong><\/strong><\/p>\n<p><strong>Click and Trips<\/strong> es el Responsable del tratamiento de los datos personales del usuario y le informa que estos datos ser\u00e1n tratados de conformidad con lo dispuesto en el Reglamento (UE) 2016\/679 de 27 de abril de 2016 (GDPR), por lo que se le facilita la siguiente informaci\u00f3n del tratamiento:<\/p>\n<p><strong>Fin del tratamiento<\/strong>:\u00a0Suscripci\u00f3n\u00a0a nuestro bolet\u00edn de noticias\u00a0bajo el consentimiento del interesado.<\/p>\n<p><strong>Criterios de conservaci\u00f3n de los datos<\/strong>:\u00a0Se\u00a0conservar\u00e1n mientras exista un inter\u00e9s mutuo para mantener la suscripci\u00f3n al bolet\u00edn.<\/p>\n<p><strong>Comunicaci\u00f3n de los datos<\/strong>: No se comunicar\u00e1n los datos a terceros, salvo obligaci\u00f3n legal o para el necesario funcionamiento de sistemas automatizados.<\/p>\n<p><strong>Derechos que asisten al usuario<\/strong>:\u00a0Derecho a retirar el consentimiento en cualquier momento.\u00a0Derecho de acceso, rectificaci\u00f3n, portabilidad y supresi\u00f3n de sus datos y a la limitaci\u00f3n u oposici\u00f3n al su tratamiento.\u00a0Derecho a presentar una reclamaci\u00f3n ante la Autoridad de control (agpd.es) si\u00a0considera que el tratamiento no se ajusta a la normativa vigente.<\/p>\n<p><strong>Datos de contacto para ejercer sus derechos<\/strong>: info@clickandtrips.com.<\/p>\n<p>&nbsp;<\/p>\n<h3 id=\"politica-whatsapp\">Consentimiento para a\u00f1adir miembros a un grupo de mensajer\u00eda instant\u00e1nea<\/h3>\n<p>&nbsp;<\/p>\n<p>Conforme con lo dispuesto en el Reglamento (UE) 2016\/679 de 27 de abril de 2016 relativo a la protecci\u00f3n de datos personales, solicitamos su consentimiento para incluirle en el grupo responsabilidad de Click and Trips, con el \u00fanico fin de mantenerle informado sobre nuestras actividades y servicios, por lo que se le facilita la siguiente informaci\u00f3n del tratamiento:<\/p>\n<p>MIEMBROS DEL GRUPO: Se considerar\u00e1n miembros del grupo los que pertenezcan al mismo en el momento de enviar un mensaje, por lo que, tanto los antiguos miembros como los futuros que no est\u00e9n dicho momento, no se considerar\u00e1n destinatarios de los datos. El administrador del grupo podr\u00e1 a\u00f1adir o expulsar a cualquier miembro del grupo sin previo aviso. \u00danicamente los administradores podr\u00e1n publicar en el grupo.<\/p>\n<p>DESTINATARIOS DE LOS DATOS: Su nombre y\u00a0n\u00famero de tel\u00e9fono ser\u00e1n visibles a los otros miembros del grupo, que como Vd., han dado su consentimiento para alcanzar dichos fines.<\/p>\n<p>USO DE LOS DATOS: Queda terminantemente prohibido el uso de la informaci\u00f3n contenida en el\u00a0grupo para otros fines, inclusive la comunicaci\u00f3n\u00a0a terceros no pertenecientes al grupo.<\/p>\n<p>CONSERVACI\u00d3N DE DATOS: Mientras se pertenezca al grupo se podr\u00e1 guardar el hist\u00f3rico de conversaciones que sean necesarias para el fin descrito. Cuando un miembro sea expulsado del grupo deber\u00e1 eliminar inmediatamente todas las conversaciones del mismo, excepto si se requiere\u00a0su conservaci\u00f3n por una obligaci\u00f3n legal o para la leg\u00edtima defensa del miembro expulsado, en cuyo caso se deber\u00e1\u00a0bloquear toda la informaci\u00f3n y limitar\u00a0su tratamiento en tanto que pudieran derivarse responsabilidades de su relaci\u00f3n con los otros miembros del grupo. El administrador del grupo podr\u00e1 conservar indefinidamente los datos y mensajes de todos los miembros que hayan permanecido en el grupo hasta la eliminaci\u00f3n definitiva del mismo, excepto que se requiera su conservaci\u00f3n por los mismos motivos que cualquier otro miembro del mismo.<\/p>\n<p>DERECHOS DEL USUARIO:\u00a0Podr\u00e1 retirar este consentimiento en cualquier momento y ejercer los derechos\u00a0de acceso, rectificaci\u00f3n, portabilidad, supresi\u00f3n, limitaci\u00f3n y oposici\u00f3n que prev\u00e9 el Reglamento comunic\u00e1ndolo al administrador del grupo mediante un mensaje privado. En todo caso, si considerase\u00a0que el tratamiento de datos no se ajusta a la normativa vigente, siempre\u00a0podr\u00e1\u00a0presentar una reclamaci\u00f3n ante la autoridad de control en\u00a0www.agpd.es.<\/p>\n<p>Si consiente el tratamiento de sus datos en los t\u00e9rminos expuestos debe contestar este mensaje con el texto:\u00a0S\u00cd ACEPTO<\/p>\n<\/div>\n<\/div>\n<\/div>\n<\/div>\n<\/div>\n<\/div>\n<\/div>\n<\/div>\n<p>[\/et_pb_text][\/et_pb_column][\/et_pb_row][\/et_pb_section]<\/p>","protected":false},"excerpt":{"rendered":"<p>Pol\u00edtica de Privacidad &nbsp; 1. INFORMACI\u00d3N AL USUARIO Click and Trips, en adelante RESPONSABLE, es el Responsable del tratamiento de los datos personales del Usuario\u00a0y le informa que estos datos ser\u00e1n tratados de conformidad con lo dispuesto en el Reglamento (UE) 2016\/679 de 27 de abril de 2016 (GDPR) relativo a la protecci\u00f3n de las [&hellip;]<\/p>","protected":false},"author":2,"featured_media":0,"parent":0,"menu_order":0,"comment_status":"closed","ping_status":"closed","template":"","meta":{"_et_pb_use_builder":"on","_et_pb_old_content":"","_et_gb_content_width":"","footnotes":""},"class_list":["post-663","page","type-page","status-publish","hentry"],"yoast_head":"<!-- This site is optimized with the Yoast SEO plugin v23.5 - https:\/\/yoast.com\/wordpress\/plugins\/seo\/ -->\n<title>Pol\u00edtica de Privacidad - Click and Trips<\/title>\n<meta name=\"robots\" content=\"noindex, follow, max-snippet:-1, max-image-preview:large, max-video-preview:-1\" \/>\n<meta property=\"og:locale\" content=\"en_US\" \/>\n<meta property=\"og:type\" content=\"article\" \/>\n<meta property=\"og:title\" content=\"Pol\u00edtica de Privacidad - Click and Trips\" \/>\n<meta property=\"og:description\" content=\"Pol\u00edtica de Privacidad &nbsp; 1. INFORMACI\u00d3N AL USUARIO Click and Trips, en adelante RESPONSABLE, es el Responsable del tratamiento de los datos personales del Usuario\u00a0y le informa que estos datos ser\u00e1n tratados de conformidad con lo dispuesto en el Reglamento (UE) 2016\/679 de 27 de abril de 2016 (GDPR) relativo a la protecci\u00f3n de las [&hellip;]\" \/>\n<meta property=\"og:url\" content=\"https:\/\/clickandtrips.com\/en\/politica-de-privacidad\/\" \/>\n<meta property=\"og:site_name\" content=\"Click and Trips\" \/>\n<meta name=\"twitter:card\" content=\"summary_large_image\" \/>\n<meta name=\"twitter:label1\" content=\"Est. reading time\" \/>\n\t<meta name=\"twitter:data1\" content=\"8 minutes\" \/>\n<script type=\"application\/ld+json\" class=\"yoast-schema-graph\">{\"@context\":\"https:\/\/schema.org\",\"@graph\":[{\"@type\":\"WebPage\",\"@id\":\"https:\/\/clickandtrips.com\/politica-de-privacidad\/\",\"url\":\"https:\/\/clickandtrips.com\/politica-de-privacidad\/\",\"name\":\"Pol\u00edtica de Privacidad - Click and Trips\",\"isPartOf\":{\"@id\":\"https:\/\/clickandtrips.com\/#website\"},\"datePublished\":\"2023-08-10T09:01:26+00:00\",\"dateModified\":\"2023-08-10T09:01:26+00:00\",\"breadcrumb\":{\"@id\":\"https:\/\/clickandtrips.com\/politica-de-privacidad\/#breadcrumb\"},\"inLanguage\":\"en-US\",\"potentialAction\":[{\"@type\":\"ReadAction\",\"target\":[\"https:\/\/clickandtrips.com\/politica-de-privacidad\/\"]}]},{\"@type\":\"BreadcrumbList\",\"@id\":\"https:\/\/clickandtrips.com\/politica-de-privacidad\/#breadcrumb\",\"itemListElement\":[{\"@type\":\"ListItem\",\"position\":1,\"name\":\"Portada\",\"item\":\"https:\/\/clickandtrips.com\/\"},{\"@type\":\"ListItem\",\"position\":2,\"name\":\"Pol\u00edtica de Privacidad\"}]},{\"@type\":\"WebSite\",\"@id\":\"https:\/\/clickandtrips.com\/#website\",\"url\":\"https:\/\/clickandtrips.com\/\",\"name\":\"Click and Trips\",\"description\":\"Best Photo Tours and Workshops\",\"potentialAction\":[{\"@type\":\"SearchAction\",\"target\":{\"@type\":\"EntryPoint\",\"urlTemplate\":\"https:\/\/clickandtrips.com\/?s={search_term_string}\"},\"query-input\":{\"@type\":\"PropertyValueSpecification\",\"valueRequired\":true,\"valueName\":\"search_term_string\"}}],\"inLanguage\":\"en-US\"}]}<\/script>\n<!-- \/ Yoast SEO plugin. -->","yoast_head_json":{"title":"Pol\u00edtica de Privacidad - Click and Trips","robots":{"index":"noindex","follow":"follow","max-snippet":"max-snippet:-1","max-image-preview":"max-image-preview:large","max-video-preview":"max-video-preview:-1"},"og_locale":"en_US","og_type":"article","og_title":"Pol\u00edtica de Privacidad - Click and Trips","og_description":"Pol\u00edtica de Privacidad &nbsp; 1. INFORMACI\u00d3N AL USUARIO Click and Trips, en adelante RESPONSABLE, es el Responsable del tratamiento de los datos personales del Usuario\u00a0y le informa que estos datos ser\u00e1n tratados de conformidad con lo dispuesto en el Reglamento (UE) 2016\/679 de 27 de abril de 2016 (GDPR) relativo a la protecci\u00f3n de las [&hellip;]","og_url":"https:\/\/clickandtrips.com\/en\/politica-de-privacidad\/","og_site_name":"Click and Trips","twitter_card":"summary_large_image","twitter_misc":{"Est. reading time":"8 minutes"},"schema":{"@context":"https:\/\/schema.org","@graph":[{"@type":"WebPage","@id":"https:\/\/clickandtrips.com\/politica-de-privacidad\/","url":"https:\/\/clickandtrips.com\/politica-de-privacidad\/","name":"Pol\u00edtica de Privacidad - Click and Trips","isPartOf":{"@id":"https:\/\/clickandtrips.com\/#website"},"datePublished":"2023-08-10T09:01:26+00:00","dateModified":"2023-08-10T09:01:26+00:00","breadcrumb":{"@id":"https:\/\/clickandtrips.com\/politica-de-privacidad\/#breadcrumb"},"inLanguage":"en-US","potentialAction":[{"@type":"ReadAction","target":["https:\/\/clickandtrips.com\/politica-de-privacidad\/"]}]},{"@type":"BreadcrumbList","@id":"https:\/\/clickandtrips.com\/politica-de-privacidad\/#breadcrumb","itemListElement":[{"@type":"ListItem","position":1,"name":"Portada","item":"https:\/\/clickandtrips.com\/"},{"@type":"ListItem","position":2,"name":"Pol\u00edtica de Privacidad"}]},{"@type":"WebSite","@id":"https:\/\/clickandtrips.com\/#website","url":"https:\/\/clickandtrips.com\/","name":"Click and Trips","description":"Best Photo Tours and Workshops","potentialAction":[{"@type":"SearchAction","target":{"@type":"EntryPoint","urlTemplate":"https:\/\/clickandtrips.com\/?s={search_term_string}"},"query-input":{"@type":"PropertyValueSpecification","valueRequired":true,"valueName":"search_term_string"}}],"inLanguage":"en-US"}]}},"_links":{"self":[{"href":"https:\/\/clickandtrips.com\/en\/wp-json\/wp\/v2\/pages\/663","targetHints":{"allow":["GET"]}}],"collection":[{"href":"https:\/\/clickandtrips.com\/en\/wp-json\/wp\/v2\/pages"}],"about":[{"href":"https:\/\/clickandtrips.com\/en\/wp-json\/wp\/v2\/types\/page"}],"author":[{"embeddable":true,"href":"https:\/\/clickandtrips.com\/en\/wp-json\/wp\/v2\/users\/2"}],"replies":[{"embeddable":true,"href":"https:\/\/clickandtrips.com\/en\/wp-json\/wp\/v2\/comments?post=663"}],"version-history":[{"count":2,"href":"https:\/\/clickandtrips.com\/en\/wp-json\/wp\/v2\/pages\/663\/revisions"}],"predecessor-version":[{"id":666,"href":"https:\/\/clickandtrips.com\/en\/wp-json\/wp\/v2\/pages\/663\/revisions\/666"}],"wp:attachment":[{"href":"https:\/\/clickandtrips.com\/en\/wp-json\/wp\/v2\/media?parent=663"}],"curies":[{"name":"wp","href":"https:\/\/api.w.org\/{rel}","templated":true}]}}